{"id":9468,"date":"2024-06-19T16:38:36","date_gmt":"2024-06-19T21:38:36","guid":{"rendered":"https:\/\/hojamaestra.com\/?post_type=product&#038;p=9468"},"modified":"2025-09-19T00:34:00","modified_gmt":"2025-09-19T05:34:00","slug":"plantilla-costeo-de-productos","status":"publish","type":"product","link":"https:\/\/hojamaestra.com\/index.php\/product\/plantilla-costeo-de-productos\/","title":{"rendered":"Rentabilidad;Punto de Equilibrio y Costeo"},"content":{"rendered":"","protected":false},"excerpt":{"rendered":"<p>Dise\u00f1ada para negocios que tengan un proceso de producci\u00f3n para obtener su producto final.<\/p>\n<p>Facilita el costeo de productos, an\u00e1lisis de rentabilidad y c\u00e1lculo del punto de equilibrio, permiti\u00e9ndote tomar decisiones informadas con rapidez y precisi\u00f3n.<\/p>\n<p><strong>Caracter\u00edsticas Principales:<\/strong><\/p>\n<p><strong>Costeo de Productos:<\/strong> Calcula el costo incluyendo todos los materiales que requieres para un producto terminador.<\/p>\n<p><strong>An\u00e1lisis de Rentabilidad:<\/strong> Eval\u00faa la rentabilidad de tus productos o servicios con herramientas que te ayudar\u00e1n a entender mejor tus m\u00e1rgenes y ganancias.<\/p>\n<p><strong>Punto de Equilibrio:<\/strong> Determina el punto de equilibrio de tu negocio con claridad, identificando el volumen de ventas necesario para cubrir todos los costos fijos y variables.<\/p>\n<p><strong>Beneficios:<\/strong><\/p>\n<p><strong>Ahorro de Tiempo:<\/strong> Nuestras plantillas est\u00e1n dise\u00f1adas para ahorrarte horas de trabajo manual, permiti\u00e9ndote enfocarte en lo que realmente importa: hacer crecer tu negocio.<\/p>\n<p><strong>Facilidad de Uso:<\/strong> nuestras plantillas son accesibles para usuarios de todos los niveles de habilidad en Excel.<\/p>\n<p>\u00a1Empieza a transformar tu gesti\u00f3n financiera hoy mismo con nuestras plantillas de Excel!<\/p>\n<p>&nbsp;<\/p>\n<p>Video de presentaci\u00f3n:<\/p>\n<p>https:\/\/youtu.be\/uoc2pWZO7Mw?si=6yK9E4W8p6hDcIP_<\/p>\n<p>Video Explicativo de funcionamiento:<\/p>\n<p>https:\/\/youtu.be\/g5aFioRIB5E?si=73Rc5joZ92YrE2ya<\/p>\n<p>&nbsp;<\/p>\n","protected":false},"featured_media":9440,"comment_status":"open","ping_status":"closed","template":"","meta":[],"product_brand":[],"product_cat":[71],"product_tag":[],"class_list":{"0":"post-9468","1":"product","2":"type-product","3":"status-publish","4":"has-post-thumbnail","6":"product_cat-plantillas","8":"first","9":"instock","10":"sale","11":"downloadable","12":"taxable","13":"shipping-taxable","14":"purchasable","15":"product-type-simple"},"jetpack_sharing_enabled":true,"_links":{"self":[{"href":"https:\/\/hojamaestra.com\/index.php\/wp-json\/wp\/v2\/product\/9468","targetHints":{"allow":["GET"]}}],"collection":[{"href":"https:\/\/hojamaestra.com\/index.php\/wp-json\/wp\/v2\/product"}],"about":[{"href":"https:\/\/hojamaestra.com\/index.php\/wp-json\/wp\/v2\/types\/product"}],"replies":[{"embeddable":true,"href":"https:\/\/hojamaestra.com\/index.php\/wp-json\/wp\/v2\/comments?post=9468"}],"wp:featuredmedia":[{"embeddable":true,"href":"https:\/\/hojamaestra.com\/index.php\/wp-json\/wp\/v2\/media\/9440"}],"wp:attachment":[{"href":"https:\/\/hojamaestra.com\/index.php\/wp-json\/wp\/v2\/media?parent=9468"}],"wp:term":[{"taxonomy":"product_brand","embeddable":true,"href":"https:\/\/hojamaestra.com\/index.php\/wp-json\/wp\/v2\/product_brand?post=9468"},{"taxonomy":"product_cat","embeddable":true,"href":"https:\/\/hojamaestra.com\/index.php\/wp-json\/wp\/v2\/product_cat?post=9468"},{"taxonomy":"product_tag","embeddable":true,"href":"https:\/\/hojamaestra.com\/index.php\/wp-json\/wp\/v2\/product_tag?post=9468"}],"curies":[{"name":"wp","href":"https:\/\/api.w.org\/{rel}","templated":true}]}}