{"id":9647,"date":"2025-06-14T20:23:34","date_gmt":"2025-06-15T01:23:34","guid":{"rendered":"https:\/\/hojamaestra.com\/?post_type=product&#038;p=9647"},"modified":"2025-10-31T07:19:44","modified_gmt":"2025-10-31T12:19:44","slug":"app-facturacion-e-inventarios-facturapp-movil","status":"publish","type":"product","link":"https:\/\/hojamaestra.com\/index.php\/product\/app-facturacion-e-inventarios-facturapp-movil\/","title":{"rendered":"App Facturaci\u00f3n e Inventarios &#8211; FacturApp Movil"},"content":{"rendered":"","protected":false},"excerpt":{"rendered":"<p>Funciona en cualquier dispositivo: Pc, celular, Tablet, iPad, iPhone, Mac.<\/p>\n<p>&nbsp;<\/p>\n<ul>\n<li>La app se puede abrir en varios computadores o dispositivos al mismo tiempo, entonces varios usuarios pueden ingresar informaci\u00f3n en el mismo momento<\/li>\n<\/ul>\n<p>&nbsp;<\/p>\n<ul>\n<li>No imprime factura, pero env\u00eda un mensaje al WhatsApp al cliente con la informaci\u00f3n de su compra<\/li>\n<\/ul>\n<p><strong>Funciones:<\/strong><\/p>\n<ul>\n<li>B\u00fasqueda de productos con lector de c\u00f3digo de barras<\/li>\n<li>Descarga todas las bases de datos en Excel<\/li>\n<li>Facturaci\u00f3n<\/li>\n<li>Control inventario<\/li>\n<li>Registro de gastos<\/li>\n<li>Reporta en el dia las ventas x cada medio de pago<\/li>\n<li>Control cuentas por cobrar<\/li>\n<li>Reporte de ventas x vendedor, top 10 de productos m\u00e1s vendidos, total de ventas y compras<\/li>\n<li>Creaci\u00f3n de medios de pago a tu necesidad<\/li>\n<li>Reporte de compras x proveedor<\/li>\n<li>Creaci\u00f3n de usuarios<\/li>\n<li>La informaci\u00f3n de todas tus transacciones se guarda autom\u00e1ticamente en el drive del correo, nunca se perder\u00e1 la informaci\u00f3n<\/li>\n<li>\u00danico\u00a0pago , ya te queda por siempre.<\/li>\n<\/ul>\n<p>Quieres ver como funciona?, este es nuestro video explicativo:<\/p>\n<p>https:\/\/youtu.be\/1ysVIZhlRKU?si=l68B_U5palk5ZLzO<\/p>\n","protected":false},"featured_media":9648,"comment_status":"open","ping_status":"closed","template":"","meta":[],"product_brand":[],"product_cat":[21],"product_tag":[],"class_list":{"0":"post-9647","1":"product","2":"type-product","3":"status-publish","4":"has-post-thumbnail","6":"product_cat-accessories","8":"first","9":"instock","10":"sale","11":"taxable","12":"shipping-taxable","13":"purchasable","14":"product-type-simple"},"jetpack_sharing_enabled":true,"_links":{"self":[{"href":"https:\/\/hojamaestra.com\/index.php\/wp-json\/wp\/v2\/product\/9647","targetHints":{"allow":["GET"]}}],"collection":[{"href":"https:\/\/hojamaestra.com\/index.php\/wp-json\/wp\/v2\/product"}],"about":[{"href":"https:\/\/hojamaestra.com\/index.php\/wp-json\/wp\/v2\/types\/product"}],"replies":[{"embeddable":true,"href":"https:\/\/hojamaestra.com\/index.php\/wp-json\/wp\/v2\/comments?post=9647"}],"wp:featuredmedia":[{"embeddable":true,"href":"https:\/\/hojamaestra.com\/index.php\/wp-json\/wp\/v2\/media\/9648"}],"wp:attachment":[{"href":"https:\/\/hojamaestra.com\/index.php\/wp-json\/wp\/v2\/media?parent=9647"}],"wp:term":[{"taxonomy":"product_brand","embeddable":true,"href":"https:\/\/hojamaestra.com\/index.php\/wp-json\/wp\/v2\/product_brand?post=9647"},{"taxonomy":"product_cat","embeddable":true,"href":"https:\/\/hojamaestra.com\/index.php\/wp-json\/wp\/v2\/product_cat?post=9647"},{"taxonomy":"product_tag","embeddable":true,"href":"https:\/\/hojamaestra.com\/index.php\/wp-json\/wp\/v2\/product_tag?post=9647"}],"curies":[{"name":"wp","href":"https:\/\/api.w.org\/{rel}","templated":true}]}}