{"id":9693,"date":"2025-07-17T16:52:12","date_gmt":"2025-07-17T21:52:12","guid":{"rendered":"https:\/\/hojamaestra.com\/?post_type=product&#038;p=9693"},"modified":"2025-08-16T09:54:43","modified_gmt":"2025-08-16T14:54:43","slug":"prestapp-la-aplicacion-de-los-prestamistas","status":"publish","type":"product","link":"https:\/\/hojamaestra.com\/index.php\/product\/prestapp-la-aplicacion-de-los-prestamistas\/","title":{"rendered":"PrestApp &#8211; la aplicacion de los prestamistas"},"content":{"rendered":"<p data-start=\"373\" data-end=\"504\"><strong data-start=\"373\" data-end=\"385\">PrestApp<\/strong> es la aplicaci\u00f3n m\u00e1s f\u00e1cil y completa para llevar el control de tus pr\u00e9stamos, sin Excel, sin cuadernos y sin errores.<\/p>\n<p data-start=\"506\" data-end=\"758\">Dise\u00f1ada especialmente para <strong data-start=\"534\" data-end=\"656\">prestamistas independientes, casas de empe\u00f1o, negocios peque\u00f1os o personas que prestan dinero a familiares y conocidos<\/strong>, esta herramienta te permite tener claridad, organizaci\u00f3n y seguridad con cada pr\u00e9stamo que realizas.<\/p>\n<p data-start=\"506\" data-end=\"758\"><strong>Video Explicativo de su funcionamiento: <\/strong><\/p>\n<p><iframe loading=\"lazy\" title=\"PrestaApp | La mejor app para llevar el control de tus pr\u00e9stamos desde el celular\" width=\"500\" height=\"281\" src=\"https:\/\/www.youtube.com\/embed\/KwGQgSwuvVo?feature=oembed\" frameborder=\"0\" allow=\"accelerometer; autoplay; clipboard-write; encrypted-media; gyroscope; picture-in-picture; web-share\" referrerpolicy=\"strict-origin-when-cross-origin\" allowfullscreen><\/iframe><\/p>\n<h3 data-start=\"760\" data-end=\"786\">Con PrestApp podr\u00e1s:<\/h3>\n<ul data-start=\"787\" data-end=\"1057\">\n<li data-start=\"787\" data-end=\"837\">\n<p data-start=\"789\" data-end=\"837\">Registrar a cada cliente con sus datos completos<\/p>\n<\/li>\n<li data-start=\"838\" data-end=\"899\">\n<p data-start=\"840\" data-end=\"899\">Calcular autom\u00e1ticamente pagos, intereses y fechas de cobro<\/p>\n<\/li>\n<li data-start=\"900\" data-end=\"943\">\n<p data-start=\"902\" data-end=\"943\">Visualizar cu\u00e1nto te deben y desde cu\u00e1ndo<\/p>\n<\/li>\n<li data-start=\"944\" data-end=\"974\">\n<p data-start=\"946\" data-end=\"974\">Generar reportes en segundos<\/p>\n<\/li>\n<li data-start=\"975\" data-end=\"1057\">\n<p data-start=\"977\" data-end=\"1057\">Llevar el control desde tu <strong data-start=\"1004\" data-end=\"1028\">celular o computador<\/strong>, sin conocimientos contables<\/p>\n<\/li>\n<li data-start=\"975\" data-end=\"1057\">\n<p data-start=\"977\" data-end=\"1057\"><span style=\"color: #1b1919; font-size: 22px;\">Ideal para:<\/span><\/p>\n<\/li>\n<\/ul>\n<ul data-start=\"1078\" data-end=\"1179\">\n<li data-start=\"1078\" data-end=\"1103\">\n<p data-start=\"1080\" data-end=\"1103\">Prestamistas informales<\/p>\n<\/li>\n<li data-start=\"1104\" data-end=\"1121\">\n<p data-start=\"1106\" data-end=\"1121\">Casas de empe\u00f1o<\/p>\n<\/li>\n<li data-start=\"1122\" data-end=\"1142\">\n<p data-start=\"1124\" data-end=\"1142\">Negocios de barrio<\/p>\n<\/li>\n<li data-start=\"1143\" data-end=\"1179\">\n<p data-start=\"1145\" data-end=\"1179\">Personas que prestan por confianza<\/p>\n<\/li>\n<\/ul>\n<h3 data-start=\"1181\" data-end=\"1247\">\ud83d\udd10 Acceso de por vida \u2013 sin mensualidades, sin complicaciones.<\/h3>\n<p data-start=\"1249\" data-end=\"1387\"><strong data-start=\"1249\" data-end=\"1387\">No vuelvas a perder dinero por olvidos o desorden.<br data-start=\"1301\" data-end=\"1304\" \/>Con PrestApp, tus pr\u00e9stamos est\u00e1n organizados, seguros y siempre bajo tu control.<\/strong><\/p>\n<p data-start=\"1249\" data-end=\"1387\">\u00a0<em data-start=\"1392\" data-end=\"1438\">Empieza hoy mismo y presta con tranquilidad.<\/em><\/p>\n<p data-start=\"1249\" data-end=\"1387\">\n","protected":false},"excerpt":{"rendered":"<ul>\n<li data-start=\"555\" data-end=\"613\">\n<p data-start=\"557\" data-end=\"613\"><strong data-start=\"557\" data-end=\"613\">Presta con control. Organiza tu dinero con PrestApp.<\/strong><\/p>\n<\/li>\n<li data-start=\"614\" data-end=\"661\">\n<p data-start=\"616\" data-end=\"661\"><strong data-start=\"616\" data-end=\"661\">Tu dinero seguro. Tus pr\u00e9stamos en orden.<\/strong><\/p>\n<\/li>\n<\/ul>\n","protected":false},"featured_media":9692,"comment_status":"open","ping_status":"closed","template":"","meta":[],"product_brand":[],"product_cat":[21],"product_tag":[],"class_list":{"0":"post-9693","1":"product","2":"type-product","3":"status-publish","4":"has-post-thumbnail","6":"product_cat-accessories","8":"first","9":"instock","10":"sale","11":"taxable","12":"shipping-taxable","13":"purchasable","14":"product-type-simple"},"jetpack_sharing_enabled":true,"_links":{"self":[{"href":"https:\/\/hojamaestra.com\/index.php\/wp-json\/wp\/v2\/product\/9693","targetHints":{"allow":["GET"]}}],"collection":[{"href":"https:\/\/hojamaestra.com\/index.php\/wp-json\/wp\/v2\/product"}],"about":[{"href":"https:\/\/hojamaestra.com\/index.php\/wp-json\/wp\/v2\/types\/product"}],"replies":[{"embeddable":true,"href":"https:\/\/hojamaestra.com\/index.php\/wp-json\/wp\/v2\/comments?post=9693"}],"wp:featuredmedia":[{"embeddable":true,"href":"https:\/\/hojamaestra.com\/index.php\/wp-json\/wp\/v2\/media\/9692"}],"wp:attachment":[{"href":"https:\/\/hojamaestra.com\/index.php\/wp-json\/wp\/v2\/media?parent=9693"}],"wp:term":[{"taxonomy":"product_brand","embeddable":true,"href":"https:\/\/hojamaestra.com\/index.php\/wp-json\/wp\/v2\/product_brand?post=9693"},{"taxonomy":"product_cat","embeddable":true,"href":"https:\/\/hojamaestra.com\/index.php\/wp-json\/wp\/v2\/product_cat?post=9693"},{"taxonomy":"product_tag","embeddable":true,"href":"https:\/\/hojamaestra.com\/index.php\/wp-json\/wp\/v2\/product_tag?post=9693"}],"curies":[{"name":"wp","href":"https:\/\/api.w.org\/{rel}","templated":true}]}}