{"id":9879,"date":"2025-12-30T06:57:06","date_gmt":"2025-12-30T11:57:06","guid":{"rendered":"https:\/\/hojamaestra.com\/?post_type=product&#038;p=9879"},"modified":"2025-12-30T06:57:25","modified_gmt":"2025-12-30T11:57:25","slug":"combo-libertad-financiera1","status":"publish","type":"product","link":"https:\/\/hojamaestra.com\/index.php\/product\/combo-libertad-financiera1\/","title":{"rendered":"Combo Libertad Financiera"},"content":{"rendered":"<p>\u00bfCu\u00e1ntas veces has empezado el a\u00f1o con deudas, sin ahorros y con metas que nunca se cumplen?<br \/>\nEste a\u00f1o tienes dos opciones: seguir viendo c\u00f3mo otros construyen sus sue\u00f1os&#8230; o empezar a construir el tuyo.<br \/>\nYo decid\u00ed ser protagonista de mi vida y por eso cre\u00e9 5 herramientas que me ayudaron a salir de deudas, aumentar mis ahorros, controlar mi dinero y cumplir mis h\u00e1bitos.<br \/>\nHoy quiero compartirlas contigo para que este a\u00f1o sea tu a\u00f1o de transformaci\u00f3n.<br \/>\nCOMBO LIBERTAD FINANCIERA:<\/p>\n<p>-Finanzas personales<br \/>\n-Gesti\u00f3n de deudas<br \/>\n-Ahorros programados<br \/>\n-Tracking de habitos<br \/>\n-Agenda Digital<\/p>\n","protected":false},"excerpt":{"rendered":"<p>\u00bfCu\u00e1ntas veces has empezado el a\u00f1o con deudas, sin ahorros y con metas que nunca se cumplen? Este a\u00f1o tienes<\/p>\n","protected":false},"featured_media":9444,"comment_status":"open","ping_status":"closed","template":"","meta":[],"product_brand":[],"product_cat":[21],"product_tag":[],"class_list":{"0":"post-9879","1":"product","2":"type-product","3":"status-publish","4":"has-post-thumbnail","6":"product_cat-accessories","8":"first","9":"instock","10":"taxable","11":"shipping-taxable","12":"purchasable","13":"product-type-simple"},"jetpack_sharing_enabled":true,"_links":{"self":[{"href":"https:\/\/hojamaestra.com\/index.php\/wp-json\/wp\/v2\/product\/9879","targetHints":{"allow":["GET"]}}],"collection":[{"href":"https:\/\/hojamaestra.com\/index.php\/wp-json\/wp\/v2\/product"}],"about":[{"href":"https:\/\/hojamaestra.com\/index.php\/wp-json\/wp\/v2\/types\/product"}],"replies":[{"embeddable":true,"href":"https:\/\/hojamaestra.com\/index.php\/wp-json\/wp\/v2\/comments?post=9879"}],"wp:featuredmedia":[{"embeddable":true,"href":"https:\/\/hojamaestra.com\/index.php\/wp-json\/wp\/v2\/media\/9444"}],"wp:attachment":[{"href":"https:\/\/hojamaestra.com\/index.php\/wp-json\/wp\/v2\/media?parent=9879"}],"wp:term":[{"taxonomy":"product_brand","embeddable":true,"href":"https:\/\/hojamaestra.com\/index.php\/wp-json\/wp\/v2\/product_brand?post=9879"},{"taxonomy":"product_cat","embeddable":true,"href":"https:\/\/hojamaestra.com\/index.php\/wp-json\/wp\/v2\/product_cat?post=9879"},{"taxonomy":"product_tag","embeddable":true,"href":"https:\/\/hojamaestra.com\/index.php\/wp-json\/wp\/v2\/product_tag?post=9879"}],"curies":[{"name":"wp","href":"https:\/\/api.w.org\/{rel}","templated":true}]}}