{"id":9949,"date":"2026-03-29T15:38:56","date_gmt":"2026-03-29T20:38:56","guid":{"rendered":"https:\/\/hojamaestra.com\/?post_type=product&#038;p=9949"},"modified":"2026-03-29T15:44:51","modified_gmt":"2026-03-29T20:44:51","slug":"app-finanzas-personales","status":"publish","type":"product","link":"https:\/\/hojamaestra.com\/index.php\/product\/app-finanzas-personales\/","title":{"rendered":"App Finanzas Personales"},"content":{"rendered":"","protected":false},"excerpt":{"rendered":"<p>\u00a1Organiza tu bolsillo desde el celular hoy mismo! \ud83d\udcf1<\/p>\n<p>\u2705 Cero Enredos: Registra tus ventas y gastos en 5 segundos.<\/p>\n<p>\u2705 Bolsillo Organizado: Separa tus gastos personales de los de tu negocio.<\/p>\n<p>\u2705 Dinero Real: Sabe exactamente cu\u00e1nta plata tienes disponible para gastar.<\/p>\n<p>\u2705 Reporte de Ganancias: Mira cu\u00e1nto ganaste realmente al final del mes.<\/p>\n<p>\u2705 Funciona en celulares, computadores y tablets<\/p>\n<p>\ud83c\udf81 Incluye: Tutoriales de uso + Soporte por WhatsApp.<\/p>\n<p>\ud83c\udfa5 M\u00edrala en acci\u00f3n aqu\u00ed:<\/p>\n<p>https:\/\/youtube.com\/shorts\/q1KoNpmdgcQ?si=NypLuzSKb6gSN91j<\/p>\n<p>&nbsp;<\/p>\n","protected":false},"featured_media":9950,"comment_status":"open","ping_status":"closed","template":"","meta":[],"product_brand":[],"product_cat":[21],"product_tag":[],"class_list":{"0":"post-9949","1":"product","2":"type-product","3":"status-publish","4":"has-post-thumbnail","6":"product_cat-accessories","8":"first","9":"instock","10":"sale","11":"taxable","12":"shipping-taxable","13":"purchasable","14":"product-type-simple"},"jetpack_sharing_enabled":true,"_links":{"self":[{"href":"https:\/\/hojamaestra.com\/index.php\/wp-json\/wp\/v2\/product\/9949","targetHints":{"allow":["GET"]}}],"collection":[{"href":"https:\/\/hojamaestra.com\/index.php\/wp-json\/wp\/v2\/product"}],"about":[{"href":"https:\/\/hojamaestra.com\/index.php\/wp-json\/wp\/v2\/types\/product"}],"replies":[{"embeddable":true,"href":"https:\/\/hojamaestra.com\/index.php\/wp-json\/wp\/v2\/comments?post=9949"}],"wp:featuredmedia":[{"embeddable":true,"href":"https:\/\/hojamaestra.com\/index.php\/wp-json\/wp\/v2\/media\/9950"}],"wp:attachment":[{"href":"https:\/\/hojamaestra.com\/index.php\/wp-json\/wp\/v2\/media?parent=9949"}],"wp:term":[{"taxonomy":"product_brand","embeddable":true,"href":"https:\/\/hojamaestra.com\/index.php\/wp-json\/wp\/v2\/product_brand?post=9949"},{"taxonomy":"product_cat","embeddable":true,"href":"https:\/\/hojamaestra.com\/index.php\/wp-json\/wp\/v2\/product_cat?post=9949"},{"taxonomy":"product_tag","embeddable":true,"href":"https:\/\/hojamaestra.com\/index.php\/wp-json\/wp\/v2\/product_tag?post=9949"}],"curies":[{"name":"wp","href":"https:\/\/api.w.org\/{rel}","templated":true}]}}